{"id":2729,"date":"2017-06-21T13:42:11","date_gmt":"2017-06-21T13:42:11","guid":{"rendered":"https:\/\/www.villaliptovskamara.sk\/potvrdenie-rezervacie\/stranka-uspesnej-platby\/"},"modified":"2024-10-15T16:29:25","modified_gmt":"2024-10-15T16:29:25","slug":"stranka-uspesnej-platby","status":"publish","type":"page","link":"https:\/\/www.villaliptovskamara.sk\/sk\/potvrdenie-rezervacie\/stranka-uspesnej-platby\/","title":{"rendered":"Str\u00e1nka \u00faspe\u0161nej platby"},"content":{"rendered":"\t\t<div data-elementor-type=\"wp-page\" data-elementor-id=\"2729\" class=\"elementor elementor-2729 elementor-1853\" data-elementor-post-type=\"page\">\n\t\t\t\t\t\t<section class=\"elementor-section elementor-top-section elementor-element elementor-element-75c5a693 elementor-section-height-min-height elementor-section-boxed elementor-section-height-default elementor-section-items-middle\" data-id=\"75c5a693\" data-element_type=\"section\" data-settings=\"{&quot;background_background&quot;:&quot;classic&quot;}\">\n\t\t\t\t\t\t\t<div class=\"elementor-background-overlay\"><\/div>\n\t\t\t\t\t\t\t<div class=\"elementor-container elementor-column-gap-default\">\n\t\t\t\t\t<div class=\"elementor-column elementor-col-100 elementor-top-column elementor-element elementor-element-31da6327\" data-id=\"31da6327\" data-element_type=\"column\">\n\t\t\t<div class=\"elementor-widget-wrap elementor-element-populated\">\n\t\t\t\t\t\t<div class=\"elementor-element elementor-element-6ad286ba elementor-widget elementor-widget-spacer\" data-id=\"6ad286ba\" data-element_type=\"widget\" data-widget_type=\"spacer.default\">\n\t\t\t\t<div class=\"elementor-widget-container\">\n\t\t\t\t\t\t\t<div class=\"elementor-spacer\">\n\t\t\t<div class=\"elementor-spacer-inner\"><\/div>\n\t\t<\/div>\n\t\t\t\t\t\t<\/div>\n\t\t\t\t<\/div>\n\t\t\t\t<div class=\"elementor-element elementor-element-38bb852b elementor-widget elementor-widget-heading\" data-id=\"38bb852b\" data-element_type=\"widget\" data-widget_type=\"heading.default\">\n\t\t\t\t<div class=\"elementor-widget-container\">\n\t\t\t\t\t<h2 class=\"elementor-heading-title elementor-size-default\">Platba \u00faspe\u0161n\u00e1<\/h2>\t\t\t\t<\/div>\n\t\t\t\t<\/div>\n\t\t\t\t<div class=\"elementor-element elementor-element-32c00af3 elementor-widget-divider--separator-type-pattern elementor-widget-divider--no-spacing elementor-widget-divider--view-line elementor-widget elementor-widget-divider\" data-id=\"32c00af3\" data-element_type=\"widget\" data-widget_type=\"divider.default\">\n\t\t\t\t<div class=\"elementor-widget-container\">\n\t\t\t\t\t\t\t<div class=\"elementor-divider\" style=\"--divider-pattern-url: url(&quot;data:image\/svg+xml,%3Csvg xmlns=&#039;http:\/\/www.w3.org\/2000\/svg&#039; preserveAspectRatio=&#039;none&#039; overflow=&#039;visible&#039; height=&#039;100%&#039; viewBox=&#039;0 0 24 24&#039; fill=&#039;black&#039; stroke=&#039;none&#039;%3E%3Cpath d=&#039;M24,8v12H0V8H24z M24,4v1H0V4H24z&#039;\/%3E%3C\/svg%3E&quot;);\">\n\t\t\t<span class=\"elementor-divider-separator\">\n\t\t\t\t\t\t<\/span>\n\t\t<\/div>\n\t\t\t\t\t\t<\/div>\n\t\t\t\t<\/div>\n\t\t\t\t<div class=\"elementor-element elementor-element-437c45f1 elementor-widget elementor-widget-heading\" data-id=\"437c45f1\" data-element_type=\"widget\" data-widget_type=\"heading.default\">\n\t\t\t\t<div class=\"elementor-widget-container\">\n\t\t\t\t\t<h2 class=\"elementor-heading-title elementor-size-default\">Va\u0161a \u017eiados\u0165 o rezerv\u00e1ciu bola \u00faspe\u0161ne odoslan\u00e1!\nO \u00faspe\u0161nom vybaven\u00ed Va\u0161ej \u017eiadosti budete informovan\u00fd\/\u00e1 prostredn\u00edctvom e-mailu. Ak potvrdenie neobdr\u017e\u00edte do p\u00e1r min\u00fat, sk\u00faste pros\u00edm prekontrolova\u0165 prie\u010dinok nevy\u017eiadan\u00e1 po\u0161ta. \u010eakujeme za rezerv\u00e1ciu a te\u0161\u00edme sa na Va\u0161u n\u00e1v\u0161tevu Vily Liptovsk\u00e1 Mara.<\/h2>\t\t\t\t<\/div>\n\t\t\t\t<\/div>\n\t\t\t\t<div class=\"elementor-element elementor-element-6f76dd16 elementor-widget-divider--separator-type-pattern elementor-widget-divider--no-spacing elementor-widget-divider--view-line elementor-widget elementor-widget-divider\" data-id=\"6f76dd16\" data-element_type=\"widget\" data-widget_type=\"divider.default\">\n\t\t\t\t<div class=\"elementor-widget-container\">\n\t\t\t\t\t\t\t<div class=\"elementor-divider\" style=\"--divider-pattern-url: url(&quot;data:image\/svg+xml,%3Csvg xmlns=&#039;http:\/\/www.w3.org\/2000\/svg&#039; preserveAspectRatio=&#039;none&#039; overflow=&#039;visible&#039; height=&#039;100%&#039; viewBox=&#039;0 0 24 24&#039; fill=&#039;black&#039; stroke=&#039;none&#039;%3E%3Cpath d=&#039;M24,8v12H0V8H24z M24,4v1H0V4H24z&#039;\/%3E%3C\/svg%3E&quot;);\">\n\t\t\t<span class=\"elementor-divider-separator\">\n\t\t\t\t\t\t<\/span>\n\t\t<\/div>\n\t\t\t\t\t\t<\/div>\n\t\t\t\t<\/div>\n\t\t\t\t\t<\/div>\n\t\t<\/div>\n\t\t\t\t\t<\/div>\n\t\t<\/section>\n\t\t\t\t<\/div>\n\t\t","protected":false},"excerpt":{"rendered":"<p>Platba \u00faspe\u0161n\u00e1 Va\u0161a \u017eiados\u0165 o rezerv\u00e1ciu bola \u00faspe\u0161ne odoslan\u00e1! O \u00faspe\u0161nom vybaven\u00ed Va\u0161ej \u017eiadosti budete informovan\u00fd\/\u00e1 prostredn\u00edctvom e-mailu. Ak potvrdenie neobdr\u017e\u00edte do p\u00e1r min\u00fat, sk\u00faste pros\u00edm prekontrolova\u0165 prie\u010dinok nevy\u017eiadan\u00e1 po\u0161ta. \u010eakujeme za rezerv\u00e1ciu a te\u0161\u00edme sa na Va\u0161u n\u00e1v\u0161tevu Vily Liptovsk\u00e1 Mara.<\/p>\n","protected":false},"author":1,"featured_media":0,"parent":2725,"menu_order":0,"comment_status":"closed","ping_status":"closed","template":"elementor_header_footer","meta":{"inline_featured_image":false,"footnotes":""},"class_list":["post-2729","page","type-page","status-publish","hentry"],"yoast_head":"<!-- This site is optimized with the Yoast SEO plugin v25.9 - https:\/\/yoast.com\/wordpress\/plugins\/seo\/ -->\n<title>Str\u00e1nka \u00faspe\u0161nej platby - Villa Liptovsk\u00e1 Mara<\/title>\n<meta name=\"robots\" content=\"index, follow, max-snippet:-1, max-image-preview:large, max-video-preview:-1\" \/>\n<link rel=\"canonical\" href=\"http:\/\/www.villaliptovskamara.sk\/booking-confirmation\/payment-success-page\/\" \/>\n<meta property=\"og:locale\" content=\"sk_SK\" \/>\n<meta property=\"og:type\" content=\"article\" \/>\n<meta property=\"og:title\" content=\"Str\u00e1nka \u00faspe\u0161nej platby - Villa Liptovsk\u00e1 Mara\" \/>\n<meta property=\"og:description\" content=\"Platba \u00faspe\u0161n\u00e1 Va\u0161a \u017eiados\u0165 o rezerv\u00e1ciu bola \u00faspe\u0161ne odoslan\u00e1! O \u00faspe\u0161nom vybaven\u00ed Va\u0161ej \u017eiadosti budete informovan\u00fd\/\u00e1 prostredn\u00edctvom e-mailu. Ak potvrdenie neobdr\u017e\u00edte do p\u00e1r min\u00fat, sk\u00faste pros\u00edm prekontrolova\u0165 prie\u010dinok nevy\u017eiadan\u00e1 po\u0161ta. \u010eakujeme za rezerv\u00e1ciu a te\u0161\u00edme sa na Va\u0161u n\u00e1v\u0161tevu Vily Liptovsk\u00e1 Mara.\" \/>\n<meta property=\"og:url\" content=\"http:\/\/www.villaliptovskamara.sk\/booking-confirmation\/payment-success-page\/\" \/>\n<meta property=\"og:site_name\" content=\"Villa Liptovsk\u00e1 Mara\" \/>\n<meta property=\"article:modified_time\" content=\"2024-10-15T16:29:25+00:00\" \/>\n<meta name=\"twitter:card\" content=\"summary_large_image\" \/>\n<meta name=\"twitter:label1\" content=\"Predpokladan\u00fd \u010das \u010d\u00edtania\" \/>\n\t<meta name=\"twitter:data1\" content=\"1 min\u00fata\" \/>\n<script type=\"application\/ld+json\" class=\"yoast-schema-graph\">{\"@context\":\"https:\/\/schema.org\",\"@graph\":[{\"@type\":\"WebPage\",\"@id\":\"http:\/\/www.villaliptovskamara.sk\/booking-confirmation\/payment-success-page\/\",\"url\":\"http:\/\/www.villaliptovskamara.sk\/booking-confirmation\/payment-success-page\/\",\"name\":\"Str\u00e1nka \u00faspe\u0161nej platby - Villa Liptovsk\u00e1 Mara\",\"isPartOf\":{\"@id\":\"https:\/\/www.villaliptovskamara.sk\/#website\"},\"datePublished\":\"2017-06-21T13:42:11+00:00\",\"dateModified\":\"2024-10-15T16:29:25+00:00\",\"breadcrumb\":{\"@id\":\"http:\/\/www.villaliptovskamara.sk\/booking-confirmation\/payment-success-page\/#breadcrumb\"},\"inLanguage\":\"sk-SK\",\"potentialAction\":[{\"@type\":\"ReadAction\",\"target\":[\"http:\/\/www.villaliptovskamara.sk\/booking-confirmation\/payment-success-page\/\"]}]},{\"@type\":\"BreadcrumbList\",\"@id\":\"http:\/\/www.villaliptovskamara.sk\/booking-confirmation\/payment-success-page\/#breadcrumb\",\"itemListElement\":[{\"@type\":\"ListItem\",\"position\":1,\"name\":\"Home\",\"item\":\"https:\/\/www.villaliptovskamara.sk\/sk\/\"},{\"@type\":\"ListItem\",\"position\":2,\"name\":\"Dokon\u010dite va\u0161u rezerv\u00e1ciu\",\"item\":\"https:\/\/www.villaliptovskamara.sk\/sk\/potvrdenie-rezervacie\/\"},{\"@type\":\"ListItem\",\"position\":3,\"name\":\"Str\u00e1nka \u00faspe\u0161nej platby\"}]},{\"@type\":\"WebSite\",\"@id\":\"https:\/\/www.villaliptovskamara.sk\/#website\",\"url\":\"https:\/\/www.villaliptovskamara.sk\/\",\"name\":\"Villa Liptovsk\u00e1 Mara\",\"description\":\"Experience the charm of Liptov\",\"publisher\":{\"@id\":\"https:\/\/www.villaliptovskamara.sk\/#organization\"},\"potentialAction\":[{\"@type\":\"SearchAction\",\"target\":{\"@type\":\"EntryPoint\",\"urlTemplate\":\"https:\/\/www.villaliptovskamara.sk\/?s={search_term_string}\"},\"query-input\":{\"@type\":\"PropertyValueSpecification\",\"valueRequired\":true,\"valueName\":\"search_term_string\"}}],\"inLanguage\":\"sk-SK\"},{\"@type\":\"Organization\",\"@id\":\"https:\/\/www.villaliptovskamara.sk\/#organization\",\"name\":\"Villa Liptovsk\u00e1 Mara\",\"url\":\"https:\/\/www.villaliptovskamara.sk\/\",\"logo\":{\"@type\":\"ImageObject\",\"inLanguage\":\"sk-SK\",\"@id\":\"https:\/\/www.villaliptovskamara.sk\/#\/schema\/logo\/image\/\",\"url\":\"https:\/\/www.villaliptovskamara.sk\/wp-content\/uploads\/2023\/06\/Villa-Liptovsk-Mara-v4-350x100-1.png\",\"contentUrl\":\"https:\/\/www.villaliptovskamara.sk\/wp-content\/uploads\/2023\/06\/Villa-Liptovsk-Mara-v4-350x100-1.png\",\"width\":350,\"height\":100,\"caption\":\"Villa Liptovsk\u00e1 Mara\"},\"image\":{\"@id\":\"https:\/\/www.villaliptovskamara.sk\/#\/schema\/logo\/image\/\"}}]}<\/script>\n<!-- \/ Yoast SEO plugin. -->","yoast_head_json":{"title":"Str\u00e1nka \u00faspe\u0161nej platby - Villa Liptovsk\u00e1 Mara","robots":{"index":"index","follow":"follow","max-snippet":"max-snippet:-1","max-image-preview":"max-image-preview:large","max-video-preview":"max-video-preview:-1"},"canonical":"http:\/\/www.villaliptovskamara.sk\/booking-confirmation\/payment-success-page\/","og_locale":"sk_SK","og_type":"article","og_title":"Str\u00e1nka \u00faspe\u0161nej platby - Villa Liptovsk\u00e1 Mara","og_description":"Platba \u00faspe\u0161n\u00e1 Va\u0161a \u017eiados\u0165 o rezerv\u00e1ciu bola \u00faspe\u0161ne odoslan\u00e1! O \u00faspe\u0161nom vybaven\u00ed Va\u0161ej \u017eiadosti budete informovan\u00fd\/\u00e1 prostredn\u00edctvom e-mailu. Ak potvrdenie neobdr\u017e\u00edte do p\u00e1r min\u00fat, sk\u00faste pros\u00edm prekontrolova\u0165 prie\u010dinok nevy\u017eiadan\u00e1 po\u0161ta. \u010eakujeme za rezerv\u00e1ciu a te\u0161\u00edme sa na Va\u0161u n\u00e1v\u0161tevu Vily Liptovsk\u00e1 Mara.","og_url":"http:\/\/www.villaliptovskamara.sk\/booking-confirmation\/payment-success-page\/","og_site_name":"Villa Liptovsk\u00e1 Mara","article_modified_time":"2024-10-15T16:29:25+00:00","twitter_card":"summary_large_image","twitter_misc":{"Predpokladan\u00fd \u010das \u010d\u00edtania":"1 min\u00fata"},"schema":{"@context":"https:\/\/schema.org","@graph":[{"@type":"WebPage","@id":"http:\/\/www.villaliptovskamara.sk\/booking-confirmation\/payment-success-page\/","url":"http:\/\/www.villaliptovskamara.sk\/booking-confirmation\/payment-success-page\/","name":"Str\u00e1nka \u00faspe\u0161nej platby - Villa Liptovsk\u00e1 Mara","isPartOf":{"@id":"https:\/\/www.villaliptovskamara.sk\/#website"},"datePublished":"2017-06-21T13:42:11+00:00","dateModified":"2024-10-15T16:29:25+00:00","breadcrumb":{"@id":"http:\/\/www.villaliptovskamara.sk\/booking-confirmation\/payment-success-page\/#breadcrumb"},"inLanguage":"sk-SK","potentialAction":[{"@type":"ReadAction","target":["http:\/\/www.villaliptovskamara.sk\/booking-confirmation\/payment-success-page\/"]}]},{"@type":"BreadcrumbList","@id":"http:\/\/www.villaliptovskamara.sk\/booking-confirmation\/payment-success-page\/#breadcrumb","itemListElement":[{"@type":"ListItem","position":1,"name":"Home","item":"https:\/\/www.villaliptovskamara.sk\/sk\/"},{"@type":"ListItem","position":2,"name":"Dokon\u010dite va\u0161u rezerv\u00e1ciu","item":"https:\/\/www.villaliptovskamara.sk\/sk\/potvrdenie-rezervacie\/"},{"@type":"ListItem","position":3,"name":"Str\u00e1nka \u00faspe\u0161nej platby"}]},{"@type":"WebSite","@id":"https:\/\/www.villaliptovskamara.sk\/#website","url":"https:\/\/www.villaliptovskamara.sk\/","name":"Villa Liptovsk\u00e1 Mara","description":"Experience the charm of Liptov","publisher":{"@id":"https:\/\/www.villaliptovskamara.sk\/#organization"},"potentialAction":[{"@type":"SearchAction","target":{"@type":"EntryPoint","urlTemplate":"https:\/\/www.villaliptovskamara.sk\/?s={search_term_string}"},"query-input":{"@type":"PropertyValueSpecification","valueRequired":true,"valueName":"search_term_string"}}],"inLanguage":"sk-SK"},{"@type":"Organization","@id":"https:\/\/www.villaliptovskamara.sk\/#organization","name":"Villa Liptovsk\u00e1 Mara","url":"https:\/\/www.villaliptovskamara.sk\/","logo":{"@type":"ImageObject","inLanguage":"sk-SK","@id":"https:\/\/www.villaliptovskamara.sk\/#\/schema\/logo\/image\/","url":"https:\/\/www.villaliptovskamara.sk\/wp-content\/uploads\/2023\/06\/Villa-Liptovsk-Mara-v4-350x100-1.png","contentUrl":"https:\/\/www.villaliptovskamara.sk\/wp-content\/uploads\/2023\/06\/Villa-Liptovsk-Mara-v4-350x100-1.png","width":350,"height":100,"caption":"Villa Liptovsk\u00e1 Mara"},"image":{"@id":"https:\/\/www.villaliptovskamara.sk\/#\/schema\/logo\/image\/"}}]}},"_links":{"self":[{"href":"https:\/\/www.villaliptovskamara.sk\/sk\/wp-json\/wp\/v2\/pages\/2729","targetHints":{"allow":["GET"]}}],"collection":[{"href":"https:\/\/www.villaliptovskamara.sk\/sk\/wp-json\/wp\/v2\/pages"}],"about":[{"href":"https:\/\/www.villaliptovskamara.sk\/sk\/wp-json\/wp\/v2\/types\/page"}],"author":[{"embeddable":true,"href":"https:\/\/www.villaliptovskamara.sk\/sk\/wp-json\/wp\/v2\/users\/1"}],"replies":[{"embeddable":true,"href":"https:\/\/www.villaliptovskamara.sk\/sk\/wp-json\/wp\/v2\/comments?post=2729"}],"version-history":[{"count":6,"href":"https:\/\/www.villaliptovskamara.sk\/sk\/wp-json\/wp\/v2\/pages\/2729\/revisions"}],"predecessor-version":[{"id":98061,"href":"https:\/\/www.villaliptovskamara.sk\/sk\/wp-json\/wp\/v2\/pages\/2729\/revisions\/98061"}],"up":[{"embeddable":true,"href":"https:\/\/www.villaliptovskamara.sk\/sk\/wp-json\/wp\/v2\/pages\/2725"}],"wp:attachment":[{"href":"https:\/\/www.villaliptovskamara.sk\/sk\/wp-json\/wp\/v2\/media?parent=2729"}],"curies":[{"name":"wp","href":"https:\/\/api.w.org\/{rel}","templated":true}]}}