{"id":99477,"date":"2025-09-06T21:29:36","date_gmt":"2025-09-06T21:29:36","guid":{"rendered":"https:\/\/www.villaliptovskamara.sk\/3d-prehliadka\/"},"modified":"2025-09-08T13:12:11","modified_gmt":"2025-09-08T13:12:11","slug":"3d-prehliadka","status":"publish","type":"page","link":"https:\/\/www.villaliptovskamara.sk\/sk\/3d-prehliadka\/","title":{"rendered":"3D prehliadka"},"content":{"rendered":"\t\t<div data-elementor-type=\"wp-page\" data-elementor-id=\"99477\" class=\"elementor elementor-99477 elementor-99466\" data-elementor-post-type=\"page\">\n\t\t\t\t\t\t<section class=\"elementor-section elementor-top-section elementor-element elementor-element-a7b7df9 elementor-section-boxed elementor-section-height-default elementor-section-height-default\" data-id=\"a7b7df9\" data-element_type=\"section\" data-settings=\"{&quot;background_background&quot;:&quot;classic&quot;}\">\n\t\t\t\t\t\t<div class=\"elementor-container elementor-column-gap-default\">\n\t\t\t\t\t<div class=\"elementor-column elementor-col-100 elementor-top-column elementor-element elementor-element-f172a51\" data-id=\"f172a51\" data-element_type=\"column\">\n\t\t\t<div class=\"elementor-widget-wrap elementor-element-populated\">\n\t\t\t\t\t\t<div class=\"elementor-element elementor-element-ad77f3f elementor-widget elementor-widget-spacer\" data-id=\"ad77f3f\" data-element_type=\"widget\" data-widget_type=\"spacer.default\">\n\t\t\t\t<div class=\"elementor-widget-container\">\n\t\t\t\t\t\t\t<div class=\"elementor-spacer\">\n\t\t\t<div class=\"elementor-spacer-inner\"><\/div>\n\t\t<\/div>\n\t\t\t\t\t\t<\/div>\n\t\t\t\t<\/div>\n\t\t\t\t\t<\/div>\n\t\t<\/div>\n\t\t\t\t\t<\/div>\n\t\t<\/section>\n\t\t\t\t<section class=\"elementor-section elementor-top-section elementor-element elementor-element-dcad492 elementor-hidden-widescreen elementor-hidden-desktop elementor-section-boxed elementor-section-height-default elementor-section-height-default\" data-id=\"dcad492\" data-element_type=\"section\" data-settings=\"{&quot;background_background&quot;:&quot;classic&quot;}\">\n\t\t\t\t\t\t<div class=\"elementor-container elementor-column-gap-default\">\n\t\t\t\t\t<div class=\"elementor-column elementor-col-100 elementor-top-column elementor-element elementor-element-39d7c1a\" data-id=\"39d7c1a\" data-element_type=\"column\">\n\t\t\t<div class=\"elementor-widget-wrap elementor-element-populated\">\n\t\t\t\t\t\t<div class=\"elementor-element elementor-element-7536ef2 elementor-hidden-widescreen elementor-hidden-desktop elementor-hidden-tablet_extra elementor-hidden-mobile_extra elementor-widget elementor-widget-html\" data-id=\"7536ef2\" data-element_type=\"widget\" data-widget_type=\"html.default\">\n\t\t\t\t<div class=\"elementor-widget-container\">\n\t\t\t\t\t<iframe src=\"https:\/\/my.roowax.sk\/sk\/tour\/mz4yx62x16\" width=\"100%\" height=\"400px\">\n  Your browser does not support iframes.\n<\/iframe>\t\t\t\t<\/div>\n\t\t\t\t<\/div>\n\t\t\t\t<div class=\"elementor-element elementor-element-1eb316a elementor-hidden-widescreen elementor-hidden-desktop elementor-hidden-tablet elementor-hidden-mobile elementor-widget elementor-widget-html\" data-id=\"1eb316a\" data-element_type=\"widget\" data-widget_type=\"html.default\">\n\t\t\t\t<div class=\"elementor-widget-container\">\n\t\t\t\t\t<iframe src=\"https:\/\/my.roowax.sk\/sk\/tour\/mz4yx62x16\" width=\"100%\" height=\"250px\">\n  Your browser does not support iframes.\n<\/iframe>\t\t\t\t<\/div>\n\t\t\t\t<\/div>\n\t\t\t\t<div class=\"elementor-element elementor-element-a454359 elementor-hidden-tablet_extra elementor-hidden-tablet elementor-hidden-mobile_extra elementor-hidden-mobile elementor-widget elementor-widget-spacer\" data-id=\"a454359\" data-element_type=\"widget\" data-widget_type=\"spacer.default\">\n\t\t\t\t<div class=\"elementor-widget-container\">\n\t\t\t\t\t\t\t<div class=\"elementor-spacer\">\n\t\t\t<div class=\"elementor-spacer-inner\"><\/div>\n\t\t<\/div>\n\t\t\t\t\t\t<\/div>\n\t\t\t\t<\/div>\n\t\t\t\t<div class=\"elementor-element elementor-element-0f99b18 animated-slow elementor-invisible elementor-widget elementor-widget-heading\" data-id=\"0f99b18\" data-element_type=\"widget\" data-settings=\"{&quot;_animation&quot;:&quot;fadeIn&quot;}\" data-widget_type=\"heading.default\">\n\t\t\t\t<div class=\"elementor-widget-container\">\n\t\t\t\t\t<h1 class=\"elementor-heading-title elementor-size-default\">C\u00ed\u0165te sa by\u0165 in\u0161pirovan\u00fd Vilou Liptovsk\u00e1 Mara<\/h1>\t\t\t\t<\/div>\n\t\t\t\t<\/div>\n\t\t\t\t\t<\/div>\n\t\t<\/div>\n\t\t\t\t\t<\/div>\n\t\t<\/section>\n\t\t\t\t<section class=\"elementor-section elementor-top-section elementor-element elementor-element-947e69a elementor-hidden-tablet_extra elementor-hidden-tablet elementor-hidden-mobile_extra elementor-hidden-mobile elementor-section-boxed elementor-section-height-default elementor-section-height-default\" data-id=\"947e69a\" data-element_type=\"section\" data-settings=\"{&quot;background_background&quot;:&quot;classic&quot;}\">\n\t\t\t\t\t\t<div class=\"elementor-container elementor-column-gap-default\">\n\t\t\t\t\t<div class=\"elementor-column elementor-col-100 elementor-top-column elementor-element elementor-element-ec4c014\" data-id=\"ec4c014\" data-element_type=\"column\">\n\t\t\t<div class=\"elementor-widget-wrap elementor-element-populated\">\n\t\t\t\t\t\t<div class=\"elementor-element elementor-element-53623f9 elementor-widget elementor-widget-html\" data-id=\"53623f9\" data-element_type=\"widget\" data-widget_type=\"html.default\">\n\t\t\t\t<div class=\"elementor-widget-container\">\n\t\t\t\t\t<iframe src=\"https:\/\/my.roowax.sk\/sk\/tour\/mz4yx62x16\" width=\"100%\" height=\"500px\">\n  Your browser does not support iframes.\n<\/iframe>\t\t\t\t<\/div>\n\t\t\t\t<\/div>\n\t\t\t\t\t<\/div>\n\t\t<\/div>\n\t\t\t\t\t<\/div>\n\t\t<\/section>\n\t\t\t\t<section class=\"elementor-section elementor-top-section elementor-element elementor-element-548dd49 elementor-section-boxed elementor-section-height-default elementor-section-height-default\" data-id=\"548dd49\" data-element_type=\"section\" data-settings=\"{&quot;background_background&quot;:&quot;classic&quot;}\">\n\t\t\t\t\t\t<div class=\"elementor-container elementor-column-gap-default\">\n\t\t\t\t\t<div class=\"elementor-column elementor-col-100 elementor-top-column elementor-element elementor-element-012347c\" data-id=\"012347c\" data-element_type=\"column\">\n\t\t\t<div class=\"elementor-widget-wrap elementor-element-populated\">\n\t\t\t\t\t\t<div class=\"elementor-element elementor-element-404f862 elementor-widget elementor-widget-spacer\" data-id=\"404f862\" data-element_type=\"widget\" data-widget_type=\"spacer.default\">\n\t\t\t\t<div class=\"elementor-widget-container\">\n\t\t\t\t\t\t\t<div class=\"elementor-spacer\">\n\t\t\t<div class=\"elementor-spacer-inner\"><\/div>\n\t\t<\/div>\n\t\t\t\t\t\t<\/div>\n\t\t\t\t<\/div>\n\t\t\t\t<div class=\"elementor-element elementor-element-00cff59 animated-slow elementor-invisible elementor-widget elementor-widget-heading\" data-id=\"00cff59\" data-element_type=\"widget\" data-settings=\"{&quot;_animation&quot;:&quot;fadeIn&quot;}\" data-widget_type=\"heading.default\">\n\t\t\t\t<div class=\"elementor-widget-container\">\n\t\t\t\t\t<h1 class=\"elementor-heading-title elementor-size-default\">M\u00e1te z\u00e1ujem o pobyt vo vile?<\/h1>\t\t\t\t<\/div>\n\t\t\t\t<\/div>\n\t\t\t\t<div class=\"elementor-element elementor-element-438c594 elementor-align-center elementor-widget elementor-widget-button\" data-id=\"438c594\" data-element_type=\"widget\" data-widget_type=\"button.default\">\n\t\t\t\t<div class=\"elementor-widget-container\">\n\t\t\t\t\t\t\t\t\t<div class=\"elementor-button-wrapper\">\n\t\t\t\t\t<a class=\"elementor-button elementor-button-link elementor-size-sm\" href=\"https:\/\/www.villaliptovskamara.sk\/accommodation\/villa-liptovska-mara\/#book-now\">\n\t\t\t\t\t\t<span class=\"elementor-button-content-wrapper\">\n\t\t\t\t\t\t\t\t\t<span class=\"elementor-button-text\">REZERVOVA\u0164 <\/span>\n\t\t\t\t\t<\/span>\n\t\t\t\t\t<\/a>\n\t\t\t\t<\/div>\n\t\t\t\t\t\t\t\t<\/div>\n\t\t\t\t<\/div>\n\t\t\t\t<div class=\"elementor-element elementor-element-178fc89 elementor-widget elementor-widget-spacer\" data-id=\"178fc89\" data-element_type=\"widget\" data-widget_type=\"spacer.default\">\n\t\t\t\t<div class=\"elementor-widget-container\">\n\t\t\t\t\t\t\t<div class=\"elementor-spacer\">\n\t\t\t<div class=\"elementor-spacer-inner\"><\/div>\n\t\t<\/div>\n\t\t\t\t\t\t<\/div>\n\t\t\t\t<\/div>\n\t\t\t\t\t<\/div>\n\t\t<\/div>\n\t\t\t\t\t<\/div>\n\t\t<\/section>\n\t\t\t\t<\/div>\n\t\t","protected":false},"excerpt":{"rendered":"<p>Your browser does not support iframes. Your browser does not support iframes. C\u00ed\u0165te sa by\u0165 in\u0161pirovan\u00fd Vilou Liptovsk\u00e1 Mara Your browser does not support iframes. M\u00e1te z\u00e1ujem o pobyt vo vile? REZERVOVA\u0164<\/p>\n","protected":false},"author":47,"featured_media":0,"parent":0,"menu_order":0,"comment_status":"closed","ping_status":"closed","template":"elementor_header_footer","meta":{"inline_featured_image":false,"footnotes":""},"class_list":["post-99477","page","type-page","status-publish","hentry"],"yoast_head":"<!-- This site is optimized with the Yoast SEO plugin v25.9 - https:\/\/yoast.com\/wordpress\/plugins\/seo\/ -->\n<title>3D prehliadka - Villa Liptovsk\u00e1 Mara<\/title>\n<meta name=\"robots\" content=\"index, follow, max-snippet:-1, max-image-preview:large, max-video-preview:-1\" \/>\n<link rel=\"canonical\" href=\"https:\/\/www.villaliptovskamara.sk\/sk\/3d-prehliadka\/\" \/>\n<meta property=\"og:locale\" content=\"sk_SK\" \/>\n<meta property=\"og:type\" content=\"article\" \/>\n<meta property=\"og:title\" content=\"3D prehliadka - Villa Liptovsk\u00e1 Mara\" \/>\n<meta property=\"og:description\" content=\"Your browser does not support iframes. Your browser does not support iframes. C\u00ed\u0165te sa by\u0165 in\u0161pirovan\u00fd Vilou Liptovsk\u00e1 Mara Your browser does not support iframes. M\u00e1te z\u00e1ujem o pobyt vo vile? REZERVOVA\u0164\" \/>\n<meta property=\"og:url\" content=\"https:\/\/www.villaliptovskamara.sk\/sk\/3d-prehliadka\/\" \/>\n<meta property=\"og:site_name\" content=\"Villa Liptovsk\u00e1 Mara\" \/>\n<meta property=\"article:modified_time\" content=\"2025-09-08T13:12:11+00:00\" \/>\n<meta name=\"twitter:card\" content=\"summary_large_image\" \/>\n<meta name=\"twitter:label1\" content=\"Predpokladan\u00fd \u010das \u010d\u00edtania\" \/>\n\t<meta name=\"twitter:data1\" content=\"1 min\u00fata\" \/>\n<script type=\"application\/ld+json\" class=\"yoast-schema-graph\">{\"@context\":\"https:\/\/schema.org\",\"@graph\":[{\"@type\":\"WebPage\",\"@id\":\"https:\/\/www.villaliptovskamara.sk\/sk\/3d-prehliadka\/\",\"url\":\"https:\/\/www.villaliptovskamara.sk\/sk\/3d-prehliadka\/\",\"name\":\"3D prehliadka - Villa Liptovsk\u00e1 Mara\",\"isPartOf\":{\"@id\":\"https:\/\/www.villaliptovskamara.sk\/#website\"},\"datePublished\":\"2025-09-06T21:29:36+00:00\",\"dateModified\":\"2025-09-08T13:12:11+00:00\",\"breadcrumb\":{\"@id\":\"https:\/\/www.villaliptovskamara.sk\/sk\/3d-prehliadka\/#breadcrumb\"},\"inLanguage\":\"sk-SK\",\"potentialAction\":[{\"@type\":\"ReadAction\",\"target\":[\"https:\/\/www.villaliptovskamara.sk\/sk\/3d-prehliadka\/\"]}]},{\"@type\":\"BreadcrumbList\",\"@id\":\"https:\/\/www.villaliptovskamara.sk\/sk\/3d-prehliadka\/#breadcrumb\",\"itemListElement\":[{\"@type\":\"ListItem\",\"position\":1,\"name\":\"Home\",\"item\":\"https:\/\/www.villaliptovskamara.sk\/sk\/\"},{\"@type\":\"ListItem\",\"position\":2,\"name\":\"3D prehliadka\"}]},{\"@type\":\"WebSite\",\"@id\":\"https:\/\/www.villaliptovskamara.sk\/#website\",\"url\":\"https:\/\/www.villaliptovskamara.sk\/\",\"name\":\"Villa Liptovsk\u00e1 Mara\",\"description\":\"Experience the charm of Liptov\",\"publisher\":{\"@id\":\"https:\/\/www.villaliptovskamara.sk\/#organization\"},\"potentialAction\":[{\"@type\":\"SearchAction\",\"target\":{\"@type\":\"EntryPoint\",\"urlTemplate\":\"https:\/\/www.villaliptovskamara.sk\/?s={search_term_string}\"},\"query-input\":{\"@type\":\"PropertyValueSpecification\",\"valueRequired\":true,\"valueName\":\"search_term_string\"}}],\"inLanguage\":\"sk-SK\"},{\"@type\":\"Organization\",\"@id\":\"https:\/\/www.villaliptovskamara.sk\/#organization\",\"name\":\"Villa Liptovsk\u00e1 Mara\",\"url\":\"https:\/\/www.villaliptovskamara.sk\/\",\"logo\":{\"@type\":\"ImageObject\",\"inLanguage\":\"sk-SK\",\"@id\":\"https:\/\/www.villaliptovskamara.sk\/#\/schema\/logo\/image\/\",\"url\":\"https:\/\/www.villaliptovskamara.sk\/wp-content\/uploads\/2023\/06\/Villa-Liptovsk-Mara-v4-350x100-1.png\",\"contentUrl\":\"https:\/\/www.villaliptovskamara.sk\/wp-content\/uploads\/2023\/06\/Villa-Liptovsk-Mara-v4-350x100-1.png\",\"width\":350,\"height\":100,\"caption\":\"Villa Liptovsk\u00e1 Mara\"},\"image\":{\"@id\":\"https:\/\/www.villaliptovskamara.sk\/#\/schema\/logo\/image\/\"}}]}<\/script>\n<!-- \/ Yoast SEO plugin. -->","yoast_head_json":{"title":"3D prehliadka - Villa Liptovsk\u00e1 Mara","robots":{"index":"index","follow":"follow","max-snippet":"max-snippet:-1","max-image-preview":"max-image-preview:large","max-video-preview":"max-video-preview:-1"},"canonical":"https:\/\/www.villaliptovskamara.sk\/sk\/3d-prehliadka\/","og_locale":"sk_SK","og_type":"article","og_title":"3D prehliadka - Villa Liptovsk\u00e1 Mara","og_description":"Your browser does not support iframes. Your browser does not support iframes. C\u00ed\u0165te sa by\u0165 in\u0161pirovan\u00fd Vilou Liptovsk\u00e1 Mara Your browser does not support iframes. M\u00e1te z\u00e1ujem o pobyt vo vile? REZERVOVA\u0164","og_url":"https:\/\/www.villaliptovskamara.sk\/sk\/3d-prehliadka\/","og_site_name":"Villa Liptovsk\u00e1 Mara","article_modified_time":"2025-09-08T13:12:11+00:00","twitter_card":"summary_large_image","twitter_misc":{"Predpokladan\u00fd \u010das \u010d\u00edtania":"1 min\u00fata"},"schema":{"@context":"https:\/\/schema.org","@graph":[{"@type":"WebPage","@id":"https:\/\/www.villaliptovskamara.sk\/sk\/3d-prehliadka\/","url":"https:\/\/www.villaliptovskamara.sk\/sk\/3d-prehliadka\/","name":"3D prehliadka - Villa Liptovsk\u00e1 Mara","isPartOf":{"@id":"https:\/\/www.villaliptovskamara.sk\/#website"},"datePublished":"2025-09-06T21:29:36+00:00","dateModified":"2025-09-08T13:12:11+00:00","breadcrumb":{"@id":"https:\/\/www.villaliptovskamara.sk\/sk\/3d-prehliadka\/#breadcrumb"},"inLanguage":"sk-SK","potentialAction":[{"@type":"ReadAction","target":["https:\/\/www.villaliptovskamara.sk\/sk\/3d-prehliadka\/"]}]},{"@type":"BreadcrumbList","@id":"https:\/\/www.villaliptovskamara.sk\/sk\/3d-prehliadka\/#breadcrumb","itemListElement":[{"@type":"ListItem","position":1,"name":"Home","item":"https:\/\/www.villaliptovskamara.sk\/sk\/"},{"@type":"ListItem","position":2,"name":"3D prehliadka"}]},{"@type":"WebSite","@id":"https:\/\/www.villaliptovskamara.sk\/#website","url":"https:\/\/www.villaliptovskamara.sk\/","name":"Villa Liptovsk\u00e1 Mara","description":"Experience the charm of Liptov","publisher":{"@id":"https:\/\/www.villaliptovskamara.sk\/#organization"},"potentialAction":[{"@type":"SearchAction","target":{"@type":"EntryPoint","urlTemplate":"https:\/\/www.villaliptovskamara.sk\/?s={search_term_string}"},"query-input":{"@type":"PropertyValueSpecification","valueRequired":true,"valueName":"search_term_string"}}],"inLanguage":"sk-SK"},{"@type":"Organization","@id":"https:\/\/www.villaliptovskamara.sk\/#organization","name":"Villa Liptovsk\u00e1 Mara","url":"https:\/\/www.villaliptovskamara.sk\/","logo":{"@type":"ImageObject","inLanguage":"sk-SK","@id":"https:\/\/www.villaliptovskamara.sk\/#\/schema\/logo\/image\/","url":"https:\/\/www.villaliptovskamara.sk\/wp-content\/uploads\/2023\/06\/Villa-Liptovsk-Mara-v4-350x100-1.png","contentUrl":"https:\/\/www.villaliptovskamara.sk\/wp-content\/uploads\/2023\/06\/Villa-Liptovsk-Mara-v4-350x100-1.png","width":350,"height":100,"caption":"Villa Liptovsk\u00e1 Mara"},"image":{"@id":"https:\/\/www.villaliptovskamara.sk\/#\/schema\/logo\/image\/"}}]}},"_links":{"self":[{"href":"https:\/\/www.villaliptovskamara.sk\/sk\/wp-json\/wp\/v2\/pages\/99477","targetHints":{"allow":["GET"]}}],"collection":[{"href":"https:\/\/www.villaliptovskamara.sk\/sk\/wp-json\/wp\/v2\/pages"}],"about":[{"href":"https:\/\/www.villaliptovskamara.sk\/sk\/wp-json\/wp\/v2\/types\/page"}],"author":[{"embeddable":true,"href":"https:\/\/www.villaliptovskamara.sk\/sk\/wp-json\/wp\/v2\/users\/47"}],"replies":[{"embeddable":true,"href":"https:\/\/www.villaliptovskamara.sk\/sk\/wp-json\/wp\/v2\/comments?post=99477"}],"version-history":[{"count":6,"href":"https:\/\/www.villaliptovskamara.sk\/sk\/wp-json\/wp\/v2\/pages\/99477\/revisions"}],"predecessor-version":[{"id":99726,"href":"https:\/\/www.villaliptovskamara.sk\/sk\/wp-json\/wp\/v2\/pages\/99477\/revisions\/99726"}],"wp:attachment":[{"href":"https:\/\/www.villaliptovskamara.sk\/sk\/wp-json\/wp\/v2\/media?parent=99477"}],"curies":[{"name":"wp","href":"https:\/\/api.w.org\/{rel}","templated":true}]}}